{"id":2541,"date":"2018-01-30T07:17:00","date_gmt":"2018-01-30T13:17:00","guid":{"rendered":"http:\/\/flow-proen.wcanvas.website\/?page_id=2541"},"modified":"2019-06-09T12:14:34","modified_gmt":"2019-06-09T18:14:34","slug":"dosificadoras-a-diafragma","status":"publish","type":"page","link":"https:\/\/flowproen.com\/en\/productos\/bombas\/dosificadoras-a-diafragma\/","title":{"rendered":"Diaphragm dosing pumps"},"content":{"rendered":"<p>[vc_row][vc_column][vc_custom_heading text=&#8221;Diaphragm dosing pumps&#8221; use_theme_fonts=&#8221;yes&#8221;][\/vc_column][\/vc_row][vc_row][vc_column][vc_tta_accordion active_section=&#8221;1&#8243; collapsible_all=&#8221;true&#8221;][vc_tta_section title=&#8221;Athena Series&#8221; tab_id=&#8221;1519229917206-bca953e9-6ec8&#8243;][vc_column_text]<img loading=\"lazy\" decoding=\"async\" class=\"wp-image-3141 aligncenter\" src=\"http:\/\/flow-proen.wcanvas.website\/wp-content\/uploads\/2018\/02\/Athena-Series.png\" alt=\"\" width=\"209\" height=\"301\" \/><\/p>\n<p><strong>Electromagnetic dosing pumps<\/strong><\/p>\n<p>General Features:<\/p>\n<ul>\n<li><strong>PVDF PUMP HEAD<\/strong> suitable for chemical used in the Industrial, Waste Water Treatment and Potable<br \/>\nWater applications<\/li>\n<\/ul>\n<ul>\n<li style=\"list-style-type: none;\">\n<ul>\n<li style=\"font-weight: 400;\"><strong>CERAMIC BALL<\/strong> full chemical compatibilty<\/li>\n<li style=\"font-weight: 400;\"><strong>PTFE DIAPHRAGM<\/strong> unique life expectancy and compatibility with most chemicals<\/li>\n<li style=\"font-weight: 400;\"><strong>STEADY DOSING<\/strong> Stabilized Multi Power Supply 100\u00f7240 Vac 50\/60 Hz with reduced<br \/>\nconsumption<\/li>\n<\/ul>\n<\/li>\n<\/ul>\n<ul>\n<li><strong>QUICK CONNECTIONS<\/strong><\/li>\n<\/ul>\n<ul>\n<li><strong>MANUAL PRIMING VALVE<\/strong><\/li>\n<\/ul>\n<ul>\n<li><strong>IP65 PROTECTION<\/strong><\/li>\n<\/ul>\n<p><img loading=\"lazy\" decoding=\"async\" class=\"alignnone size-full wp-image-3031\" src=\"http:\/\/flow-proen.wcanvas.website\/wp-content\/uploads\/2018\/02\/2.png\" alt=\"\" width=\"999\" height=\"228\" srcset=\"https:\/\/flowproen.com\/wp-content\/uploads\/2018\/02\/2.png 999w, https:\/\/flowproen.com\/wp-content\/uploads\/2018\/02\/2-600x137.png 600w, https:\/\/flowproen.com\/wp-content\/uploads\/2018\/02\/2-300x68.png 300w, https:\/\/flowproen.com\/wp-content\/uploads\/2018\/02\/2-768x175.png 768w\" sizes=\"(max-width: 999px) 100vw, 999px\" \/><\/p>\n<p><img loading=\"lazy\" decoding=\"async\" class=\"alignnone size-full wp-image-3032\" src=\"http:\/\/flow-proen.wcanvas.website\/wp-content\/uploads\/2018\/02\/3.png\" alt=\"\" width=\"989\" height=\"173\" srcset=\"https:\/\/flowproen.com\/wp-content\/uploads\/2018\/02\/3.png 989w, https:\/\/flowproen.com\/wp-content\/uploads\/2018\/02\/3-600x105.png 600w, https:\/\/flowproen.com\/wp-content\/uploads\/2018\/02\/3-300x52.png 300w, https:\/\/flowproen.com\/wp-content\/uploads\/2018\/02\/3-768x134.png 768w\" sizes=\"(max-width: 989px) 100vw, 989px\" \/><\/p>\n<p><img loading=\"lazy\" decoding=\"async\" class=\"alignnone size-full wp-image-3033\" src=\"http:\/\/flow-proen.wcanvas.website\/wp-content\/uploads\/2018\/02\/4.png\" alt=\"\" width=\"921\" height=\"190\" srcset=\"https:\/\/flowproen.com\/wp-content\/uploads\/2018\/02\/4.png 921w, https:\/\/flowproen.com\/wp-content\/uploads\/2018\/02\/4-600x124.png 600w, https:\/\/flowproen.com\/wp-content\/uploads\/2018\/02\/4-300x62.png 300w, https:\/\/flowproen.com\/wp-content\/uploads\/2018\/02\/4-768x158.png 768w\" sizes=\"(max-width: 921px) 100vw, 921px\" \/><\/p>\n<p><img loading=\"lazy\" decoding=\"async\" class=\"alignnone size-full wp-image-3034\" src=\"http:\/\/flow-proen.wcanvas.website\/wp-content\/uploads\/2018\/02\/5.png\" alt=\"\" width=\"921\" height=\"167\" srcset=\"https:\/\/flowproen.com\/wp-content\/uploads\/2018\/02\/5.png 921w, https:\/\/flowproen.com\/wp-content\/uploads\/2018\/02\/5-600x109.png 600w, https:\/\/flowproen.com\/wp-content\/uploads\/2018\/02\/5-300x54.png 300w, https:\/\/flowproen.com\/wp-content\/uploads\/2018\/02\/5-768x139.png 768w\" sizes=\"(max-width: 921px) 100vw, 921px\" \/><\/p>\n<p><img loading=\"lazy\" decoding=\"async\" class=\"alignnone size-full wp-image-3035\" src=\"http:\/\/flow-proen.wcanvas.website\/wp-content\/uploads\/2018\/02\/6.png\" alt=\"\" width=\"921\" height=\"167\" srcset=\"https:\/\/flowproen.com\/wp-content\/uploads\/2018\/02\/6.png 921w, https:\/\/flowproen.com\/wp-content\/uploads\/2018\/02\/6-600x109.png 600w, https:\/\/flowproen.com\/wp-content\/uploads\/2018\/02\/6-300x54.png 300w, https:\/\/flowproen.com\/wp-content\/uploads\/2018\/02\/6-768x139.png 768w\" sizes=\"(max-width: 921px) 100vw, 921px\" \/><\/p>\n<p><img loading=\"lazy\" decoding=\"async\" class=\"alignnone size-full wp-image-3036\" src=\"http:\/\/flow-proen.wcanvas.website\/wp-content\/uploads\/2018\/02\/7.png\" alt=\"\" width=\"921\" height=\"172\" srcset=\"https:\/\/flowproen.com\/wp-content\/uploads\/2018\/02\/7.png 921w, https:\/\/flowproen.com\/wp-content\/uploads\/2018\/02\/7-600x112.png 600w, https:\/\/flowproen.com\/wp-content\/uploads\/2018\/02\/7-300x56.png 300w, https:\/\/flowproen.com\/wp-content\/uploads\/2018\/02\/7-768x143.png 768w\" sizes=\"(max-width: 921px) 100vw, 921px\" \/>[\/vc_column_text][\/vc_tta_section][vc_tta_section title=&#8221;GEA Series&#8221; tab_id=&#8221;1519229917230-fbde9c56-7064&#8243;][vc_column_text]<strong><img loading=\"lazy\" decoding=\"async\" class=\"wp-image-3147 aligncenter\" src=\"http:\/\/flow-proen.wcanvas.website\/wp-content\/uploads\/2018\/02\/GEA-Series.png\" alt=\"\" width=\"220\" height=\"257\" \/><\/strong><\/p>\n<p><strong>Electromagnetic dosing pump with adjustable frequency and strokes<\/strong><\/p>\n<p>General features<\/p>\n<p><b>GEA<\/b><\/p>\n<ul>\n<li style=\"font-weight: 400;\">\u00a05 model that cover 0,4 to 54 l\/h with an output pressure up to 20 Bar<\/li>\n<li style=\"font-weight: 400;\">PVDF head and kit is suitable for almost all chemical used in\u00a0Industrial, Waste Water Treatment and potable water applications<\/li>\n<li style=\"font-weight: 400;\">The use of Ceramic Balls improves the pumping reliability and the chemical compatibility of the whole liquid end<\/li>\n<li style=\"font-weight: 400;\">Long life diaphragm, tested to give 5 years working life<\/li>\n<li style=\"font-weight: 400;\">The advanced design and the manufacturing process allows the diaphragm to have a unique life expectancy<\/li>\n<li style=\"font-weight: 400;\">Routine diaphragm replacement no longer required<\/li>\n<li style=\"font-weight: 400;\">Reduced maintenance<\/li>\n<li style=\"font-weight: 400;\">100\/240 VAC 50\/60Hz tension Input<\/li>\n<\/ul>\n<p><b>GEA.R<\/b><\/p>\n<ul>\n<li style=\"font-weight: 400;\">Electromagnetic pump with ADJUSTABLE frequency and strokes<\/li>\n<li style=\"font-weight: 400;\">1 model with flow rates from 8 to 25Lt\/h and pressures up to 14 bar<\/li>\n<li style=\"font-weight: 400;\">Double regulation allows a perfect dosing in a wide range of uses<\/li>\n<\/ul>\n<p><img loading=\"lazy\" decoding=\"async\" class=\"alignnone size-full wp-image-3040\" src=\"http:\/\/flow-proen.wcanvas.website\/wp-content\/uploads\/2018\/02\/1.b.png\" alt=\"\" width=\"921\" height=\"199\" srcset=\"https:\/\/flowproen.com\/wp-content\/uploads\/2018\/02\/1.b.png 921w, https:\/\/flowproen.com\/wp-content\/uploads\/2018\/02\/1.b-600x130.png 600w, https:\/\/flowproen.com\/wp-content\/uploads\/2018\/02\/1.b-300x65.png 300w, https:\/\/flowproen.com\/wp-content\/uploads\/2018\/02\/1.b-768x166.png 768w\" sizes=\"(max-width: 921px) 100vw, 921px\" \/><\/p>\n<p><img loading=\"lazy\" decoding=\"async\" class=\"alignnone size-full wp-image-3041\" src=\"http:\/\/flow-proen.wcanvas.website\/wp-content\/uploads\/2018\/02\/1.c.png\" alt=\"\" width=\"921\" height=\"187\" srcset=\"https:\/\/flowproen.com\/wp-content\/uploads\/2018\/02\/1.c.png 921w, https:\/\/flowproen.com\/wp-content\/uploads\/2018\/02\/1.c-600x122.png 600w, https:\/\/flowproen.com\/wp-content\/uploads\/2018\/02\/1.c-300x61.png 300w, https:\/\/flowproen.com\/wp-content\/uploads\/2018\/02\/1.c-768x156.png 768w\" sizes=\"(max-width: 921px) 100vw, 921px\" \/><\/p>\n<p><img loading=\"lazy\" decoding=\"async\" class=\"alignnone size-full wp-image-3042\" src=\"http:\/\/flow-proen.wcanvas.website\/wp-content\/uploads\/2018\/02\/1.d.png\" alt=\"\" width=\"921\" height=\"189\" srcset=\"https:\/\/flowproen.com\/wp-content\/uploads\/2018\/02\/1.d.png 921w, https:\/\/flowproen.com\/wp-content\/uploads\/2018\/02\/1.d-600x123.png 600w, https:\/\/flowproen.com\/wp-content\/uploads\/2018\/02\/1.d-300x62.png 300w, https:\/\/flowproen.com\/wp-content\/uploads\/2018\/02\/1.d-768x158.png 768w\" sizes=\"(max-width: 921px) 100vw, 921px\" \/><\/p>\n<p><img loading=\"lazy\" decoding=\"async\" class=\"alignnone size-full wp-image-3043\" src=\"http:\/\/flow-proen.wcanvas.website\/wp-content\/uploads\/2018\/02\/1.e.png\" alt=\"\" width=\"921\" height=\"182\" srcset=\"https:\/\/flowproen.com\/wp-content\/uploads\/2018\/02\/1.e.png 921w, https:\/\/flowproen.com\/wp-content\/uploads\/2018\/02\/1.e-600x119.png 600w, https:\/\/flowproen.com\/wp-content\/uploads\/2018\/02\/1.e-300x59.png 300w, https:\/\/flowproen.com\/wp-content\/uploads\/2018\/02\/1.e-768x152.png 768w\" sizes=\"(max-width: 921px) 100vw, 921px\" \/><\/p>\n<p><img loading=\"lazy\" decoding=\"async\" class=\"alignnone size-full wp-image-3044\" src=\"http:\/\/flow-proen.wcanvas.website\/wp-content\/uploads\/2018\/02\/1.f.png\" alt=\"\" width=\"921\" height=\"183\" srcset=\"https:\/\/flowproen.com\/wp-content\/uploads\/2018\/02\/1.f.png 921w, https:\/\/flowproen.com\/wp-content\/uploads\/2018\/02\/1.f-600x119.png 600w, https:\/\/flowproen.com\/wp-content\/uploads\/2018\/02\/1.f-300x60.png 300w, https:\/\/flowproen.com\/wp-content\/uploads\/2018\/02\/1.f-768x153.png 768w\" sizes=\"(max-width: 921px) 100vw, 921px\" \/><\/p>\n<p><img loading=\"lazy\" decoding=\"async\" class=\"alignnone size-full wp-image-3045\" src=\"http:\/\/flow-proen.wcanvas.website\/wp-content\/uploads\/2018\/02\/1.g.png\" alt=\"\" width=\"921\" height=\"182\" srcset=\"https:\/\/flowproen.com\/wp-content\/uploads\/2018\/02\/1.g.png 921w, https:\/\/flowproen.com\/wp-content\/uploads\/2018\/02\/1.g-600x119.png 600w, https:\/\/flowproen.com\/wp-content\/uploads\/2018\/02\/1.g-300x59.png 300w, https:\/\/flowproen.com\/wp-content\/uploads\/2018\/02\/1.g-768x152.png 768w\" sizes=\"(max-width: 921px) 100vw, 921px\" \/>[\/vc_column_text][\/vc_tta_section][vc_tta_section title=&#8221;Hydra Series&#8221; tab_id=&#8221;1519236357243-9745935d-03b0&#8243;][vc_column_text]<strong><img loading=\"lazy\" decoding=\"async\" class=\"wp-image-3149 aligncenter\" src=\"http:\/\/flow-proen.wcanvas.website\/wp-content\/uploads\/2018\/02\/Hydra-Series.png\" alt=\"\" width=\"210\" height=\"285\" srcset=\"https:\/\/flowproen.com\/wp-content\/uploads\/2018\/02\/Hydra-Series.png 436w, https:\/\/flowproen.com\/wp-content\/uploads\/2018\/02\/Hydra-Series-221x300.png 221w\" sizes=\"(max-width: 210px) 100vw, 210px\" \/><\/strong><\/p>\n<p><strong>Electromagnetic dosing pumps<\/strong><\/p>\n<p>General Features:<\/p>\n<ul>\n<li><strong>PVDF PUMP HEAD<\/strong> suitable for chemical used in the Industrial, Waste Water Treatment and Potable<br \/>\nWater applications<\/li>\n<\/ul>\n<ul>\n<li style=\"list-style-type: none;\">\n<ul>\n<li style=\"font-weight: 400;\"><strong>CERAMIC BALL<\/strong> full chemical compatibilty<\/li>\n<li style=\"font-weight: 400;\"><strong>PTFE DIAPHRAGM<\/strong> unique life expectancy and compatibility with most chemicals<\/li>\n<li style=\"font-weight: 400;\"><strong>FLOW RATE MANUAL ADJUSTMENT <\/strong>0\u00f7100 V<\/li>\n<\/ul>\n<\/li>\n<\/ul>\n<ul>\n<li><strong>MANUAL PRIMING VALVE<\/strong><\/li>\n<li><strong>WALL MOUNTING <\/strong>with fixing fracket (included)<\/li>\n<\/ul>\n<p><img loading=\"lazy\" decoding=\"async\" class=\"alignnone size-full wp-image-3050\" src=\"http:\/\/flow-proen.wcanvas.website\/wp-content\/uploads\/2018\/02\/2.b.png\" alt=\"\" width=\"921\" height=\"115\" srcset=\"https:\/\/flowproen.com\/wp-content\/uploads\/2018\/02\/2.b.png 921w, https:\/\/flowproen.com\/wp-content\/uploads\/2018\/02\/2.b-600x75.png 600w, https:\/\/flowproen.com\/wp-content\/uploads\/2018\/02\/2.b-300x37.png 300w, https:\/\/flowproen.com\/wp-content\/uploads\/2018\/02\/2.b-768x96.png 768w\" sizes=\"(max-width: 921px) 100vw, 921px\" \/>[\/vc_column_text][\/vc_tta_section][vc_tta_section title=&#8221;Olimpia Series&#8221; tab_id=&#8221;1519236488200-b937537c-2714&#8243;][vc_column_text]<strong><img loading=\"lazy\" decoding=\"async\" class=\" wp-image-3150 aligncenter\" src=\"http:\/\/flow-proen.wcanvas.website\/wp-content\/uploads\/2018\/02\/olimpia-Series.png\" alt=\"\" width=\"209\" height=\"340\" \/><\/strong><\/p>\n<p>&nbsp;<\/p>\n<p><strong>Electromagnetic dosing pumps<\/strong><\/p>\n<p>General Features:<\/p>\n<ul>\n<li>ANALOGIC WITH CONSTANT FLOW<\/li>\n<li>PVDF* PUMP HEAD suitable for chemicals used in industrial\u00a0Waste Water Treatment and Potable water applicaons<\/li>\n<li>FIREPROOF AND ANTI-ACID POLYPROPYLENE BOX<\/li>\n<li>MANUALLY ADJUSTABLE FLOW RATE 0 \u00f7100<\/li>\n<li>MANUAL PRIMING VALVE<\/li>\n<li>POWER SUPPLY AND LEVEL PROBE INLET with Quick connexion<\/li>\n<li>WORKING STATE LED<\/li>\n<li>IP65 PROTECTION 65<\/li>\n<\/ul>\n<p><img loading=\"lazy\" decoding=\"async\" class=\"alignnone size-full wp-image-3052\" src=\"http:\/\/flow-proen.wcanvas.website\/wp-content\/uploads\/2018\/02\/3.b.png\" alt=\"\" width=\"921\" height=\"161\" srcset=\"https:\/\/flowproen.com\/wp-content\/uploads\/2018\/02\/3.b.png 921w, https:\/\/flowproen.com\/wp-content\/uploads\/2018\/02\/3.b-600x105.png 600w, https:\/\/flowproen.com\/wp-content\/uploads\/2018\/02\/3.b-300x52.png 300w, https:\/\/flowproen.com\/wp-content\/uploads\/2018\/02\/3.b-768x134.png 768w\" sizes=\"(max-width: 921px) 100vw, 921px\" \/><img loading=\"lazy\" decoding=\"async\" class=\"alignnone size-full wp-image-3053\" src=\"http:\/\/flow-proen.wcanvas.website\/wp-content\/uploads\/2018\/02\/3.c.png\" alt=\"\" width=\"921\" height=\"118\" srcset=\"https:\/\/flowproen.com\/wp-content\/uploads\/2018\/02\/3.c.png 921w, https:\/\/flowproen.com\/wp-content\/uploads\/2018\/02\/3.c-600x77.png 600w, https:\/\/flowproen.com\/wp-content\/uploads\/2018\/02\/3.c-300x38.png 300w, https:\/\/flowproen.com\/wp-content\/uploads\/2018\/02\/3.c-768x98.png 768w\" sizes=\"(max-width: 921px) 100vw, 921px\" \/><img loading=\"lazy\" decoding=\"async\" class=\"alignnone size-full wp-image-3054\" src=\"http:\/\/flow-proen.wcanvas.website\/wp-content\/uploads\/2018\/02\/3.d.png\" alt=\"\" width=\"921\" height=\"125\" srcset=\"https:\/\/flowproen.com\/wp-content\/uploads\/2018\/02\/3.d.png 921w, https:\/\/flowproen.com\/wp-content\/uploads\/2018\/02\/3.d-600x81.png 600w, https:\/\/flowproen.com\/wp-content\/uploads\/2018\/02\/3.d-300x41.png 300w, https:\/\/flowproen.com\/wp-content\/uploads\/2018\/02\/3.d-768x104.png 768w\" sizes=\"(max-width: 921px) 100vw, 921px\" \/>[\/vc_column_text][\/vc_tta_section][vc_tta_section title=&#8221;TAURUS Series&#8221; tab_id=&#8221;1519236680584-57b00314-1c0d&#8221;][vc_column_text]<strong><img loading=\"lazy\" decoding=\"async\" class=\"wp-image-3151 aligncenter\" src=\"http:\/\/flow-proen.wcanvas.website\/wp-content\/uploads\/2018\/02\/Taurus-Series.png\" alt=\"\" width=\"210\" height=\"275\" srcset=\"https:\/\/flowproen.com\/wp-content\/uploads\/2018\/02\/Taurus-Series.png 451w, https:\/\/flowproen.com\/wp-content\/uploads\/2018\/02\/Taurus-Series-229x300.png 229w\" sizes=\"(max-width: 210px) 100vw, 210px\" \/><\/strong><\/p>\n<p><strong>Electromachanic dosing pumps<\/strong><\/p>\n<p>General Features:<\/p>\n<ul>\n<li style=\"font-weight: 400;\">El mecanismo de estas bombas es de tipo exc\u00e9ntrico con platillo de retorno a muelle, y est\u00e1 alojado dentro de un c\u00e1rter de aluminio ba\u00f1ado en aceite.<\/li>\n<\/ul>\n<ul>\n<li style=\"font-weight: 400;\">De serie la regulaci\u00f3n de la bomba es manual, pero es posible controlarla con una se\u00f1al remota, mediante servocontrol el\u00e9ctrico con una se\u00f1al 4-20 mA o inversor<\/li>\n<\/ul>\n<p><img loading=\"lazy\" decoding=\"async\" class=\"alignnone wp-image-3057\" src=\"http:\/\/flow-proen.wcanvas.website\/wp-content\/uploads\/2018\/02\/4.b.png\" alt=\"\" width=\"624\" height=\"398\" \/><\/p>\n<p>TP.15 VERSI\u00d3N PIST\u00d3N<\/p>\n<ul>\n<li style=\"font-weight: 400;\">RECORRIDO DE CARRERA 15 mm<\/li>\n<\/ul>\n<ul>\n<li style=\"font-weight: 400;\">Caudales m\u00e1x 1,5 &#8211; 304 lt\/h<\/li>\n<li style=\"font-weight: 400;\">Presi\u00f3n max 20 bar<\/li>\n<li style=\"font-weight: 400;\">Frecuencia fija 58 &#8211; \u00a078 &#8211; \u00a0116 pulsaciones\/min<\/li>\n<li style=\"font-weight: 400;\">Di\u00e1metros pist\u00f3n 6 &#8211; 24 mm<\/li>\n<li style=\"font-weight: 400;\">Motores 0,18\/0,25 kW de tipo unificado IP55<\/li>\n<\/ul>\n<p>TP.25 VERSI\u00d3N PIST\u00d3N<\/p>\n<ul>\n<li style=\"font-weight: 400;\">RECORRIDO DE CARRERA 25 mm<\/li>\n<\/ul>\n<ul>\n<li style=\"font-weight: 400;\">Caudales m\u00e1x 40 &#8211; 1000 lt\/h<\/li>\n<li style=\"font-weight: 400;\">Presi\u00f3n max 20 bar<\/li>\n<li style=\"font-weight: 400;\">Frecuencia fija 58 &#8211; 78 &#8211; 116 pulsaciones\/min<\/li>\n<li style=\"font-weight: 400;\">Di\u00e1metros pist\u00f3n 25 &#8211; 89 mm<\/li>\n<li style=\"font-weight: 400;\">Motores 0,25\/0,37\/0,55\/0,75 kW de tipo unificado IP55<\/li>\n<\/ul>\n<p>TM 2-4-6 VERSI\u00d3N MEMBRANA DIRECTA<\/p>\n<ul>\n<li style=\"font-weight: 400;\">RECORRIDO DE CARRERA 2 &#8211; 4 &#8211; 6 mm<\/li>\n<\/ul>\n<ul>\n<li style=\"font-weight: 400;\">Caudales m\u00e1x 5,5 &#8211; 460 lt\/h<\/li>\n<li style=\"font-weight: 400;\">Presi\u00f3n max 10 bar<\/li>\n<li style=\"font-weight: 400;\">Frecuencia fija 58 &#8211; 78 &#8211; 116 pulsaciones\/min<\/li>\n<li style=\"font-weight: 400;\">Di\u00e1metros membrana 50 mm<\/li>\n<li style=\"font-weight: 400;\">Motores 0,18\/0,25 kW de tipo unificado IP55<\/li>\n<\/ul>\n<p>TM 5 VERSI\u00d3N MEMBRANA DIRECTA<\/p>\n<ul>\n<li style=\"font-weight: 400;\">CARRERA DE RETORNO CON FUELLE Y REDUCTOR EN PP<\/li>\n<\/ul>\n<ul>\n<li style=\"font-weight: 400;\">Caudales m\u00e1x 17 &#8211; 60 lt\/h<\/li>\n<li style=\"font-weight: 400;\">Presi\u00f3n max 5 bar<\/li>\n<li style=\"font-weight: 400;\">Frecuencia fija 41 &#8211; 58 &#8211; 82 &#8211; 116 &#8211; 160 pulsaciones\/min<\/li>\n<li style=\"font-weight: 400;\">Di\u00e1metros membrana 50 mm<\/li>\n<li style=\"font-weight: 400;\">Motores 0,9 kW de tipo unificado IP55<\/li>\n<\/ul>\n<p>[\/vc_column_text][\/vc_tta_section][vc_tta_section title=&#8221;Libra Series&#8221; tab_id=&#8221;1519236862941-955a6b30-28cc&#8221;][vc_column_text]<strong><img loading=\"lazy\" decoding=\"async\" class=\"wp-image-3152 aligncenter\" src=\"http:\/\/flow-proen.wcanvas.website\/wp-content\/uploads\/2018\/02\/Libra-Series.png\" alt=\"\" width=\"269\" height=\"201\" srcset=\"https:\/\/flowproen.com\/wp-content\/uploads\/2018\/02\/Libra-Series.png 819w, https:\/\/flowproen.com\/wp-content\/uploads\/2018\/02\/Libra-Series-600x450.png 600w, https:\/\/flowproen.com\/wp-content\/uploads\/2018\/02\/Libra-Series-300x225.png 300w, https:\/\/flowproen.com\/wp-content\/uploads\/2018\/02\/Libra-Series-768x576.png 768w, https:\/\/flowproen.com\/wp-content\/uploads\/2018\/02\/Libra-Series-280x210.png 280w\" sizes=\"(max-width: 269px) 100vw, 269px\" \/><\/strong><\/p>\n<p><strong>Bombas de membrana hidr\u00e1ulica de desplazamiento positivo<\/strong><\/p>\n<p>Caracteristicas generales:<\/p>\n<ul>\n<li style=\"font-weight: 400;\">Soluci\u00f3n ideal para aplicaciones que requieren una elevada seguridad operativa y confiabilidad.<\/li>\n<\/ul>\n<ul>\n<li style=\"list-style-type: none;\">\n<ul>\n<li style=\"font-weight: 400;\">La posibilidad de ejecuci\u00f3n con materiales diferentes permite ofrecer una gama de bombas dosificadoras capaces de satisfacer todas las aplicaciones de dosificaci\u00f3n y mezcla de l\u00edquidos. Adem\u00e1s la posibilidad de construir las bombas bajo norma ATEX (\u00e1rea clasificadas)<\/li>\n<\/ul>\n<\/li>\n<\/ul>\n<ul>\n<li style=\"font-weight: 400;\">APLICACIONES tratamiento de aguas y sectores industriales<\/li>\n<\/ul>\n<ul>\n<li style=\"font-weight: 400;\">DIAFRAGMA DE PTFE resistencia y compatibilidad con todos los productos qu\u00edmicos.<\/li>\n<\/ul>\n<p><img loading=\"lazy\" decoding=\"async\" class=\"alignnone wp-image-3061\" src=\"http:\/\/flow-proen.wcanvas.website\/wp-content\/uploads\/2018\/02\/5.b.png\" alt=\"\" width=\"575\" height=\"247\" \/><img loading=\"lazy\" decoding=\"async\" class=\"alignnone wp-image-3062\" src=\"http:\/\/flow-proen.wcanvas.website\/wp-content\/uploads\/2018\/02\/5.c.png\" alt=\"\" width=\"575\" height=\"328\" \/><img loading=\"lazy\" decoding=\"async\" class=\"alignnone wp-image-3063\" src=\"http:\/\/flow-proen.wcanvas.website\/wp-content\/uploads\/2018\/02\/5.d.png\" alt=\"\" width=\"575\" height=\"251\" \/><img loading=\"lazy\" decoding=\"async\" class=\"alignnone wp-image-3064\" src=\"http:\/\/flow-proen.wcanvas.website\/wp-content\/uploads\/2018\/02\/5.e.png\" alt=\"\" width=\"575\" height=\"173\" \/>[\/vc_column_text][\/vc_tta_section][vc_tta_section title=&#8221;Power Series&#8221; tab_id=&#8221;1519237157065-a47a8255-c65a&#8221;][vc_column_text]<strong><img loading=\"lazy\" decoding=\"async\" class=\" wp-image-3153 aligncenter\" src=\"http:\/\/flow-proen.wcanvas.website\/wp-content\/uploads\/2018\/02\/Power-Series.png\" alt=\"\" width=\"291\" height=\"193\" srcset=\"https:\/\/flowproen.com\/wp-content\/uploads\/2018\/02\/Power-Series.png 381w, https:\/\/flowproen.com\/wp-content\/uploads\/2018\/02\/Power-Series-300x199.png 300w\" sizes=\"(max-width: 291px) 100vw, 291px\" \/><\/strong><\/p>\n<p><strong>Bombas de doble membrana hidr\u00e1ulica de desplazamiento positivo<\/strong><\/p>\n<p>Caracteristicas generales:<\/p>\n<ul>\n<li style=\"font-weight: 400;\">Soluci\u00f3n ideal para aplicaciones que requieren una elevada seguridad operativa y confiabilidad.<\/li>\n<\/ul>\n<ul>\n<li style=\"list-style-type: none;\">\n<ul>\n<li style=\"font-weight: 400;\">La posibilidad de ejecuci\u00f3n con materiales diferentes permite ofrecer una gama de bombas dosificadoras capaces de satisfacer todas las aplicaciones de dosificaci\u00f3n y mezcla de l\u00edquidos. Adem\u00e1s la posibilidad de construir las bombas bajo norma ATEX (\u00e1rea clasificadas)<\/li>\n<\/ul>\n<\/li>\n<\/ul>\n<ul>\n<li style=\"font-weight: 400;\">APLICACIONES tratamiento de aguas y sectores industriales<\/li>\n<li>DIAFRAGMA DE PTFE resistencia y compatibilidad con todos los productos qu\u00edmicos.<\/li>\n<\/ul>\n<p><img loading=\"lazy\" decoding=\"async\" class=\"alignnone wp-image-3068\" src=\"http:\/\/flow-proen.wcanvas.website\/wp-content\/uploads\/2018\/02\/6.d.png\" alt=\"\" width=\"575\" height=\"335\" \/><img loading=\"lazy\" decoding=\"async\" class=\"alignnone wp-image-3069\" src=\"http:\/\/flow-proen.wcanvas.website\/wp-content\/uploads\/2018\/02\/6.e.png\" alt=\"\" width=\"575\" height=\"259\" \/><img loading=\"lazy\" decoding=\"async\" class=\"alignnone wp-image-3070\" src=\"http:\/\/flow-proen.wcanvas.website\/wp-content\/uploads\/2018\/02\/6.f.png\" alt=\"\" width=\"575\" height=\"166\" \/>[\/vc_column_text][\/vc_tta_section][\/vc_tta_accordion][\/vc_column][\/vc_row][vc_row][vc_column][vc_custom_heading text=&#8221;Brand&#8221; use_theme_fonts=&#8221;yes&#8221;]<div class='logos-wrapper style-1'><ul class='clients clients-col-3' ><li class='client'><a href='http:\/\/www.injecta.com\/2.0\/' target='_blank'><img src='https:\/\/flowproen.com\/wp-content\/uploads\/2018\/02\/c1-proveedor.jpg' alt=''><\/a><\/li><\/ul><\/div>[\/vc_column][\/vc_row]<\/p>\n","protected":false},"excerpt":{"rendered":"<p>[vc_row][vc_column][vc_custom_heading text=&#8221;Diaphragm dosing pumps&#8221; use_theme_fonts=&#8221;yes&#8221;][\/vc_column][\/vc_row][vc_row][vc_column][vc_tta_accordion active_section=&#8221;1&#8243; collapsible_all=&#8221;true&#8221;][vc_tta_section title=&#8221;Athena Series&#8221; tab_id=&#8221;1519229917206-bca953e9-6ec8&#8243;][vc_column_text] Electromagnetic dosing pumps General Features: PVDF PUMP HEAD suitable for chemical used in the Industrial, Waste Water Treatment and Potable Water applications CERAMIC BALL full chemical compatibilty PTFE DIAPHRAGM unique &hellip;<\/p>\n","protected":false},"author":3,"featured_media":0,"parent":2247,"menu_order":0,"comment_status":"closed","ping_status":"closed","template":"","meta":{"_monsterinsights_skip_tracking":false,"_monsterinsights_sitenote_active":false,"_monsterinsights_sitenote_note":"","_monsterinsights_sitenote_category":0,"footnotes":""},"class_list":["post-2541","page","type-page","status-publish","hentry"],"translation":{"provider":"WPGlobus","version":"2.12.2","language":"en","enabled_languages":["es","en"],"languages":{"es":{"title":true,"content":true,"excerpt":false},"en":{"title":true,"content":true,"excerpt":false}}},"_links":{"self":[{"href":"https:\/\/flowproen.com\/en\/wp-json\/wp\/v2\/pages\/2541"}],"collection":[{"href":"https:\/\/flowproen.com\/en\/wp-json\/wp\/v2\/pages"}],"about":[{"href":"https:\/\/flowproen.com\/en\/wp-json\/wp\/v2\/types\/page"}],"author":[{"embeddable":true,"href":"https:\/\/flowproen.com\/en\/wp-json\/wp\/v2\/users\/3"}],"replies":[{"embeddable":true,"href":"https:\/\/flowproen.com\/en\/wp-json\/wp\/v2\/comments?post=2541"}],"version-history":[{"count":48,"href":"https:\/\/flowproen.com\/en\/wp-json\/wp\/v2\/pages\/2541\/revisions"}],"predecessor-version":[{"id":4016,"href":"https:\/\/flowproen.com\/en\/wp-json\/wp\/v2\/pages\/2541\/revisions\/4016"}],"up":[{"embeddable":true,"href":"https:\/\/flowproen.com\/en\/wp-json\/wp\/v2\/pages\/2247"}],"wp:attachment":[{"href":"https:\/\/flowproen.com\/en\/wp-json\/wp\/v2\/media?parent=2541"}],"curies":[{"name":"wp","href":"https:\/\/api.w.org\/{rel}","templated":true}]}}